{"id":585,"date":"2024-02-05T00:11:11","date_gmt":"2024-02-04T23:11:11","guid":{"rendered":"https:\/\/melissalovesevents.com\/?page_id=585"},"modified":"2024-02-05T00:11:12","modified_gmt":"2024-02-04T23:11:12","slug":"mention-legales","status":"publish","type":"page","link":"https:\/\/melissalovesevents.com\/index.php\/mention-legales\/","title":{"rendered":"Mention L\u00e9gales"},"content":{"rendered":"\n<p><\/p>\n\n\n\n<p>Conform\u00e9ment aux dispositions de la loi n\u00b0 2004-575 du 21 juin 2004 pour la confiance en l&#8217;\u00e9conomie num\u00e9rique, il est pr\u00e9cis\u00e9 aux utilisateurs du site Melissa Loves Events l&#8217;identit\u00e9 des diff\u00e9rents intervenants dans le cadre de sa r\u00e9alisation et de son suivi.<\/p>\n\n\n\n<p><strong>Edition du site&nbsp;<\/strong><\/p>\n\n\n\n<p>Le pr\u00e9sent site, accessible \u00e0 l\u2019URL www.melissalovesevents.com (le \u00ab Site \u00bb), est \u00e9dit\u00e9 par :<\/p>\n\n\n\n<p>M\u00e9lissa Fafard, r\u00e9sidant 440 chemin de la ros\u00e9e 97224 Ducos, de nationalit\u00e9 Fran\u00e7aise (France), n\u00e9(e) le 10\/09\/1990,&nbsp; ainsi qu&#8217;au R.M. sous le num\u00e9ro j,<br><\/p>\n\n\n\n<p><strong>H\u00e9bergement<\/strong><\/p>\n\n\n\n<p><br>Le Site est h\u00e9berg\u00e9 par la soci\u00e9t\u00e9 OVH SAS, situ\u00e9 2 rue Kellermann &#8211; BP 80157 &#8211; 59053 Roubaix Cedex 1, (contact t\u00e9l\u00e9phonique ou email : 1007).<\/p>\n\n\n\n<p><strong>Directeur de publication&nbsp;<\/strong><\/p>\n\n\n\n<p><br>Le Directeur de la publication du Site est M\u00e9lissa Fafard.<\/p>\n\n\n\n<p><strong>Nous contacter&nbsp;<\/strong><\/p>\n\n\n\n<p><br>Par t\u00e9l\u00e9phone&nbsp;: +596696092424<\/p>\n\n\n\n<p>Par email&nbsp;: melissalovesevents@gmail.com<\/p>\n\n\n\n<p>Par courrier&nbsp;: 440 chemin de la ros\u00e9e 97224 Ducos<\/p>\n","protected":false},"excerpt":{"rendered":"<p>Conform\u00e9ment aux dispositions de la loi n\u00b0 2004-575 du 21 juin 2004 pour la confiance en l&#8217;\u00e9conomie num\u00e9rique, il est pr\u00e9cis\u00e9 aux utilisateurs du site &hellip; <\/p>\n","protected":false},"author":1,"featured_media":0,"parent":0,"menu_order":0,"comment_status":"closed","ping_status":"closed","template":"","meta":{"om_disable_all_campaigns":false,"_monsterinsights_skip_tracking":false,"_monsterinsights_sitenote_active":false,"_monsterinsights_sitenote_note":"","_monsterinsights_sitenote_category":0,"footnotes":""},"class_list":["post-585","page","type-page","status-publish","hentry","latest_post"],"aioseo_notices":[],"_links":{"self":[{"href":"https:\/\/melissalovesevents.com\/index.php\/wp-json\/wp\/v2\/pages\/585","targetHints":{"allow":["GET"]}}],"collection":[{"href":"https:\/\/melissalovesevents.com\/index.php\/wp-json\/wp\/v2\/pages"}],"about":[{"href":"https:\/\/melissalovesevents.com\/index.php\/wp-json\/wp\/v2\/types\/page"}],"author":[{"embeddable":true,"href":"https:\/\/melissalovesevents.com\/index.php\/wp-json\/wp\/v2\/users\/1"}],"replies":[{"embeddable":true,"href":"https:\/\/melissalovesevents.com\/index.php\/wp-json\/wp\/v2\/comments?post=585"}],"version-history":[{"count":1,"href":"https:\/\/melissalovesevents.com\/index.php\/wp-json\/wp\/v2\/pages\/585\/revisions"}],"predecessor-version":[{"id":586,"href":"https:\/\/melissalovesevents.com\/index.php\/wp-json\/wp\/v2\/pages\/585\/revisions\/586"}],"wp:attachment":[{"href":"https:\/\/melissalovesevents.com\/index.php\/wp-json\/wp\/v2\/media?parent=585"}],"curies":[{"name":"wp","href":"https:\/\/api.w.org\/{rel}","templated":true}]}}