{"id":105,"date":"2024-02-02T03:43:08","date_gmt":"2024-02-02T02:43:08","guid":{"rendered":"https:\/\/melissalovesevents.com\/?page_id=105"},"modified":"2025-03-29T17:02:03","modified_gmt":"2025-03-29T21:02:03","slug":"elementor-105","status":"publish","type":"page","link":"https:\/\/melissalovesevents.com\/","title":{"rendered":"Home"},"content":{"rendered":"\t\t<div data-elementor-type=\"wp-page\" data-elementor-id=\"105\" class=\"elementor elementor-105\">\n\t\t\t\t<div class=\"elementor-element elementor-element-a4bc1d9 e-con-full e-flex e-con e-parent\" data-id=\"a4bc1d9\" data-element_type=\"container\">\n\t\t\t\t<div class=\"elementor-element elementor-element-68397f0 elementor-widget elementor-widget-spacer\" data-id=\"68397f0\" data-element_type=\"widget\" data-widget_type=\"spacer.default\">\n\t\t\t\t<div class=\"elementor-widget-container\">\n\t\t\t\t\t\t\t<div class=\"elementor-spacer\">\n\t\t\t<div class=\"elementor-spacer-inner\"><\/div>\n\t\t<\/div>\n\t\t\t\t\t\t<\/div>\n\t\t\t\t<\/div>\n\t\t\t\t<\/div>\n\t\t<div class=\"elementor-element elementor-element-f4e8e6b e-con-full e-flex e-con e-parent\" data-id=\"f4e8e6b\" data-element_type=\"container\">\n\t\t<div class=\"elementor-element elementor-element-5b771ab e-flex e-con-boxed e-con e-child\" data-id=\"5b771ab\" data-element_type=\"container\" data-settings=\"{&quot;background_background&quot;:&quot;classic&quot;}\">\n\t\t\t\t\t<div class=\"e-con-inner\">\n\t\t\t\t<div class=\"elementor-element elementor-element-d3500e7 elementor-widget elementor-widget-heading\" data-id=\"d3500e7\" data-element_type=\"widget\" data-widget_type=\"heading.default\">\n\t\t\t\t<div class=\"elementor-widget-container\">\n\t\t\t\t\t<h2 class=\"elementor-heading-title elementor-size-default\">L'AGENCE<\/h2>\t\t\t\t<\/div>\n\t\t\t\t<\/div>\n\t\t\t\t<div class=\"elementor-element elementor-element-e5ef55e elementor-widget elementor-widget-text-editor\" data-id=\"e5ef55e\" data-element_type=\"widget\" data-widget_type=\"text-editor.default\">\n\t\t\t\t<div class=\"elementor-widget-container\">\n\t\t\t\t\t\t\t\t\t<div class=\"wpb_text_column wpb_content_element \"><div class=\"wpb_wrapper\"><h5>Notre mission : cr\u00e9er sur mesure une sc\u00e9nographie unique, originale, contemporaine qui vous correspond.<\/h5><\/div><\/div>\t\t\t\t\t\t\t\t<\/div>\n\t\t\t\t<\/div>\n\t\t\t\t<div class=\"elementor-element elementor-element-fadc18b elementor-widget elementor-widget-text-editor\" data-id=\"fadc18b\" data-element_type=\"widget\" data-widget_type=\"text-editor.default\">\n\t\t\t\t<div class=\"elementor-widget-container\">\n\t\t\t\t\t\t\t\t\t<p>L\u2019agence Melissa Loves Events est une agence de d\u00e9coration \u00e9v\u00e9nementielle bas\u00e9e en Martinique et sp\u00e9cialis\u00e9e dans la sc\u00e9nographie de vos \u00e9v\u00e8nements priv\u00e9s et pro.<\/p><p>Du choix des mat\u00e9riaux, du mobilier en passant par l\u2019art de la table, le design floral, la cr\u00e9ation de d\u00e9cors sur mesure ou encore la papeterie personnalis\u00e9e, nous vous proposons une d\u00e9coration \u00e9l\u00e9gante et qualitative dans laquelle chaque d\u00e9tail est imagin\u00e9 et pens\u00e9 avec soin.<\/p>\t\t\t\t\t\t\t\t<\/div>\n\t\t\t\t<\/div>\n\t\t\t\t<div class=\"elementor-element elementor-element-57d278f elementor-align-left elementor-tablet-align-center elementor-widget elementor-widget-button\" data-id=\"57d278f\" data-element_type=\"widget\" data-widget_type=\"button.default\">\n\t\t\t\t<div class=\"elementor-widget-container\">\n\t\t\t\t\t\t\t\t\t<div class=\"elementor-button-wrapper\">\n\t\t\t\t\t<a class=\"elementor-button elementor-button-link elementor-size-sm elementor-animation-grow\" href=\"https:\/\/melissalovesevents.com\/index.php\/demander-un-devis\/\">\n\t\t\t\t\t\t<span class=\"elementor-button-content-wrapper\">\n\t\t\t\t\t\t\t\t\t<span class=\"elementor-button-text\">DEMANDER UN DEVIS<\/span>\n\t\t\t\t\t<\/span>\n\t\t\t\t\t<\/a>\n\t\t\t\t<\/div>\n\t\t\t\t\t\t\t\t<\/div>\n\t\t\t\t<\/div>\n\t\t\t\t<div class=\"elementor-element elementor-element-3072544 elementor-widget elementor-widget-spacer\" data-id=\"3072544\" data-element_type=\"widget\" data-widget_type=\"spacer.default\">\n\t\t\t\t<div class=\"elementor-widget-container\">\n\t\t\t\t\t\t\t<div class=\"elementor-spacer\">\n\t\t\t<div class=\"elementor-spacer-inner\"><\/div>\n\t\t<\/div>\n\t\t\t\t\t\t<\/div>\n\t\t\t\t<\/div>\n\t\t\t\t\t<\/div>\n\t\t\t\t<\/div>\n\t\t\t\t<\/div>\n\t\t<div class=\"elementor-element elementor-element-2fafdd1 e-flex e-con-boxed e-con e-parent\" data-id=\"2fafdd1\" data-element_type=\"container\">\n\t\t\t\t\t<div class=\"e-con-inner\">\n\t\t<div class=\"elementor-element elementor-element-2fe82d2 e-con-full e-flex e-con e-child\" data-id=\"2fe82d2\" data-element_type=\"container\">\n\t\t\t\t<div class=\"elementor-element elementor-element-35f83231 elementor-widget__width-inherit elementor-widget-tablet__width-inherit elementor-widget elementor-widget-image\" data-id=\"35f83231\" data-element_type=\"widget\" data-widget_type=\"image.default\">\n\t\t\t\t<div class=\"elementor-widget-container\">\n\t\t\t\t\t\t\t\t\t\t\t\t\t\t\t<img fetchpriority=\"high\" decoding=\"async\" width=\"750\" height=\"932\" src=\"https:\/\/melissalovesevents.com\/wp-content\/uploads\/2024\/02\/decoration-bapteme-martinique-1.jpg\" class=\"attachment-large size-large wp-image-134\" alt=\"\" srcset=\"https:\/\/melissalovesevents.com\/wp-content\/uploads\/2024\/02\/decoration-bapteme-martinique-1.jpg 750w, https:\/\/melissalovesevents.com\/wp-content\/uploads\/2024\/02\/decoration-bapteme-martinique-1-241x300.jpg 241w\" sizes=\"(max-width: 750px) 100vw, 750px\" \/>\t\t\t\t\t\t\t\t\t\t\t\t\t\t\t<\/div>\n\t\t\t\t<\/div>\n\t\t\t\t<div class=\"elementor-element elementor-element-29fabb2 elementor-align-center elementor-tablet-align-center elementor-widget elementor-widget-button\" data-id=\"29fabb2\" data-element_type=\"widget\" data-widget_type=\"button.default\">\n\t\t\t\t<div class=\"elementor-widget-container\">\n\t\t\t\t\t\t\t\t\t<div class=\"elementor-button-wrapper\">\n\t\t\t\t\t<a class=\"elementor-button elementor-button-link elementor-size-sm elementor-animation-grow\" href=\"https:\/\/melissalovesevents.com\/index.php\/anniversaire\/\">\n\t\t\t\t\t\t<span class=\"elementor-button-content-wrapper\">\n\t\t\t\t\t\t\t\t\t<span class=\"elementor-button-text\">ANNIVERSAIRE<\/span>\n\t\t\t\t\t<\/span>\n\t\t\t\t\t<\/a>\n\t\t\t\t<\/div>\n\t\t\t\t\t\t\t\t<\/div>\n\t\t\t\t<\/div>\n\t\t\t\t<\/div>\n\t\t<div class=\"elementor-element elementor-element-0c9cfc1 e-con-full e-flex e-con e-child\" data-id=\"0c9cfc1\" data-element_type=\"container\">\n\t\t\t\t<div class=\"elementor-element elementor-element-12a31e9 elementor-widget__width-inherit elementor-widget-tablet__width-inherit elementor-widget elementor-widget-image\" data-id=\"12a31e9\" data-element_type=\"widget\" data-widget_type=\"image.default\">\n\t\t\t\t<div class=\"elementor-widget-container\">\n\t\t\t\t\t\t\t\t\t\t\t\t\t\t\t<img decoding=\"async\" width=\"750\" height=\"930\" src=\"https:\/\/melissalovesevents.com\/wp-content\/uploads\/2024\/02\/IMG_5F16E1B1A029-1.jpeg\" class=\"attachment-full size-full wp-image-142\" alt=\"\" srcset=\"https:\/\/melissalovesevents.com\/wp-content\/uploads\/2024\/02\/IMG_5F16E1B1A029-1.jpeg 750w, https:\/\/melissalovesevents.com\/wp-content\/uploads\/2024\/02\/IMG_5F16E1B1A029-1-242x300.jpeg 242w\" sizes=\"(max-width: 750px) 100vw, 750px\" \/>\t\t\t\t\t\t\t\t\t\t\t\t\t\t\t<\/div>\n\t\t\t\t<\/div>\n\t\t\t\t<div class=\"elementor-element elementor-element-616f2c4 elementor-align-center elementor-tablet-align-center elementor-widget elementor-widget-button\" data-id=\"616f2c4\" data-element_type=\"widget\" data-widget_type=\"button.default\">\n\t\t\t\t<div class=\"elementor-widget-container\">\n\t\t\t\t\t\t\t\t\t<div class=\"elementor-button-wrapper\">\n\t\t\t\t\t<a class=\"elementor-button elementor-button-link elementor-size-sm elementor-animation-grow\" href=\"https:\/\/melissalovesevents.com\/index.php\/bapteme\/\">\n\t\t\t\t\t\t<span class=\"elementor-button-content-wrapper\">\n\t\t\t\t\t\t\t\t\t<span class=\"elementor-button-text\">F\u00caTE RELIGIEUSE<\/span>\n\t\t\t\t\t<\/span>\n\t\t\t\t\t<\/a>\n\t\t\t\t<\/div>\n\t\t\t\t\t\t\t\t<\/div>\n\t\t\t\t<\/div>\n\t\t\t\t<\/div>\n\t\t\t\t\t<\/div>\n\t\t\t\t<\/div>\n\t\t<div class=\"elementor-element elementor-element-85cbc03 e-con-full e-flex e-con e-parent\" data-id=\"85cbc03\" data-element_type=\"container\">\n\t\t\t\t<div class=\"elementor-element elementor-element-8d77eb6 elementor-widget elementor-widget-spacer\" data-id=\"8d77eb6\" data-element_type=\"widget\" data-widget_type=\"spacer.default\">\n\t\t\t\t<div class=\"elementor-widget-container\">\n\t\t\t\t\t\t\t<div class=\"elementor-spacer\">\n\t\t\t<div class=\"elementor-spacer-inner\"><\/div>\n\t\t<\/div>\n\t\t\t\t\t\t<\/div>\n\t\t\t\t<\/div>\n\t\t\t\t<div class=\"elementor-element elementor-element-825d336 elementor-widget elementor-widget-image\" data-id=\"825d336\" data-element_type=\"widget\" data-widget_type=\"image.default\">\n\t\t\t\t<div class=\"elementor-widget-container\">\n\t\t\t\t\t\t\t\t\t\t\t\t\t\t\t<img decoding=\"async\" width=\"840\" height=\"473\" src=\"https:\/\/melissalovesevents.com\/wp-content\/uploads\/2024\/02\/mariage-martinique-1024x576.jpg\" class=\"attachment-large size-large wp-image-162\" alt=\"\" srcset=\"https:\/\/melissalovesevents.com\/wp-content\/uploads\/2024\/02\/mariage-martinique-1024x576.jpg 1024w, https:\/\/melissalovesevents.com\/wp-content\/uploads\/2024\/02\/mariage-martinique-300x169.jpg 300w, https:\/\/melissalovesevents.com\/wp-content\/uploads\/2024\/02\/mariage-martinique-768x432.jpg 768w, https:\/\/melissalovesevents.com\/wp-content\/uploads\/2024\/02\/mariage-martinique-1536x864.jpg 1536w, https:\/\/melissalovesevents.com\/wp-content\/uploads\/2024\/02\/mariage-martinique.jpg 1920w\" sizes=\"(max-width: 840px) 100vw, 840px\" \/>\t\t\t\t\t\t\t\t\t\t\t\t\t\t\t<\/div>\n\t\t\t\t<\/div>\n\t\t\t\t<div class=\"elementor-element elementor-element-d515595 elementor-align-center elementor-tablet-align-center elementor-widget elementor-widget-button\" data-id=\"d515595\" data-element_type=\"widget\" data-widget_type=\"button.default\">\n\t\t\t\t<div class=\"elementor-widget-container\">\n\t\t\t\t\t\t\t\t\t<div class=\"elementor-button-wrapper\">\n\t\t\t\t\t<a class=\"elementor-button elementor-button-link elementor-size-xl elementor-animation-grow\" href=\"#\">\n\t\t\t\t\t\t<span class=\"elementor-button-content-wrapper\">\n\t\t\t\t\t\t\t\t\t<span class=\"elementor-button-text\">MARIAGE<\/span>\n\t\t\t\t\t<\/span>\n\t\t\t\t\t<\/a>\n\t\t\t\t<\/div>\n\t\t\t\t\t\t\t\t<\/div>\n\t\t\t\t<\/div>\n\t\t\t\t<\/div>\n\t\t<div class=\"elementor-element elementor-element-489d222 e-flex e-con-boxed e-con e-parent\" data-id=\"489d222\" data-element_type=\"container\">\n\t\t\t\t\t<div class=\"e-con-inner\">\n\t\t<div class=\"elementor-element elementor-element-4f7cb5e e-con-full e-flex e-con e-child\" data-id=\"4f7cb5e\" data-element_type=\"container\">\n\t\t\t\t<div class=\"elementor-element elementor-element-7354eae elementor-widget__width-inherit elementor-widget-tablet__width-inherit elementor-widget elementor-widget-image\" data-id=\"7354eae\" data-element_type=\"widget\" data-widget_type=\"image.default\">\n\t\t\t\t<div class=\"elementor-widget-container\">\n\t\t\t\t\t\t\t\t\t\t\t\t\t\t\t<img loading=\"lazy\" decoding=\"async\" width=\"750\" height=\"741\" src=\"https:\/\/melissalovesevents.com\/wp-content\/uploads\/2024\/02\/IMG_2491.jpg\" class=\"attachment-large size-large wp-image-380\" alt=\"\" srcset=\"https:\/\/melissalovesevents.com\/wp-content\/uploads\/2024\/02\/IMG_2491.jpg 750w, https:\/\/melissalovesevents.com\/wp-content\/uploads\/2024\/02\/IMG_2491-300x296.jpg 300w\" sizes=\"(max-width: 750px) 100vw, 750px\" \/>\t\t\t\t\t\t\t\t\t\t\t\t\t\t\t<\/div>\n\t\t\t\t<\/div>\n\t\t\t\t<div class=\"elementor-element elementor-element-cf641fe elementor-align-center elementor-tablet-align-center elementor-widget elementor-widget-button\" data-id=\"cf641fe\" data-element_type=\"widget\" data-widget_type=\"button.default\">\n\t\t\t\t<div class=\"elementor-widget-container\">\n\t\t\t\t\t\t\t\t\t<div class=\"elementor-button-wrapper\">\n\t\t\t\t\t<a class=\"elementor-button elementor-button-link elementor-size-sm elementor-animation-grow\" href=\"https:\/\/melissalovesevents.com\/index.php\/anniversaire\/\">\n\t\t\t\t\t\t<span class=\"elementor-button-content-wrapper\">\n\t\t\t\t\t\t\t\t\t<span class=\"elementor-button-text\">BULLE TRANSPARENTE<\/span>\n\t\t\t\t\t<\/span>\n\t\t\t\t\t<\/a>\n\t\t\t\t<\/div>\n\t\t\t\t\t\t\t\t<\/div>\n\t\t\t\t<\/div>\n\t\t\t\t<\/div>\n\t\t<div class=\"elementor-element elementor-element-4c9101e e-con-full e-flex e-con e-child\" data-id=\"4c9101e\" data-element_type=\"container\">\n\t\t\t\t<div class=\"elementor-element elementor-element-b68d706 elementor-widget__width-inherit elementor-widget-tablet__width-inherit elementor-widget elementor-widget-image\" data-id=\"b68d706\" data-element_type=\"widget\" data-widget_type=\"image.default\">\n\t\t\t\t<div class=\"elementor-widget-container\">\n\t\t\t\t\t\t\t\t\t\t\t\t\t\t\t<img loading=\"lazy\" decoding=\"async\" width=\"750\" height=\"748\" src=\"https:\/\/melissalovesevents.com\/wp-content\/uploads\/2024\/02\/decoration-evenement-entreprise-martinique.jpg\" class=\"attachment-full size-full wp-image-382\" alt=\"\" srcset=\"https:\/\/melissalovesevents.com\/wp-content\/uploads\/2024\/02\/decoration-evenement-entreprise-martinique.jpg 750w, https:\/\/melissalovesevents.com\/wp-content\/uploads\/2024\/02\/decoration-evenement-entreprise-martinique-300x300.jpg 300w, https:\/\/melissalovesevents.com\/wp-content\/uploads\/2024\/02\/decoration-evenement-entreprise-martinique-150x150.jpg 150w\" sizes=\"(max-width: 750px) 100vw, 750px\" \/>\t\t\t\t\t\t\t\t\t\t\t\t\t\t\t<\/div>\n\t\t\t\t<\/div>\n\t\t\t\t<div class=\"elementor-element elementor-element-0ab68de elementor-align-center elementor-tablet-align-center elementor-widget elementor-widget-button\" data-id=\"0ab68de\" data-element_type=\"widget\" data-widget_type=\"button.default\">\n\t\t\t\t<div class=\"elementor-widget-container\">\n\t\t\t\t\t\t\t\t\t<div class=\"elementor-button-wrapper\">\n\t\t\t\t\t<a class=\"elementor-button elementor-button-link elementor-size-sm elementor-animation-grow\" href=\"https:\/\/melissalovesevents.com\/index.php\/bapteme\/\">\n\t\t\t\t\t\t<span class=\"elementor-button-content-wrapper\">\n\t\t\t\t\t\t\t\t\t<span class=\"elementor-button-text\">\u00c9V\u00c9NEMENT ENTREPRISE<\/span>\n\t\t\t\t\t<\/span>\n\t\t\t\t\t<\/a>\n\t\t\t\t<\/div>\n\t\t\t\t\t\t\t\t<\/div>\n\t\t\t\t<\/div>\n\t\t\t\t<\/div>\n\t\t\t\t\t<\/div>\n\t\t\t\t<\/div>\n\t\t<div class=\"elementor-element elementor-element-a32dc3d e-con-full e-flex e-con e-parent\" data-id=\"a32dc3d\" data-element_type=\"container\">\n\t\t\t\t<div class=\"elementor-element elementor-element-7cbfac3 elementor-widget elementor-widget-spacer\" data-id=\"7cbfac3\" data-element_type=\"widget\" data-widget_type=\"spacer.default\">\n\t\t\t\t<div class=\"elementor-widget-container\">\n\t\t\t\t\t\t\t<div class=\"elementor-spacer\">\n\t\t\t<div class=\"elementor-spacer-inner\"><\/div>\n\t\t<\/div>\n\t\t\t\t\t\t<\/div>\n\t\t\t\t<\/div>\n\t\t\t\t<div class=\"elementor-element elementor-element-e88bb3a elementor-widget elementor-widget-heading\" data-id=\"e88bb3a\" data-element_type=\"widget\" data-widget_type=\"heading.default\">\n\t\t\t\t<div class=\"elementor-widget-container\">\n\t\t\t\t\t<h2 class=\"elementor-heading-title elementor-size-default\">NOS ENGAGEMENTS <\/h2>\t\t\t\t<\/div>\n\t\t\t\t<\/div>\n\t\t\t\t<\/div>\n\t\t<div class=\"elementor-element elementor-element-c863c41 e-flex e-con-boxed e-con e-parent\" data-id=\"c863c41\" data-element_type=\"container\">\n\t\t\t\t\t<div class=\"e-con-inner\">\n\t\t<div class=\"elementor-element elementor-element-2f16797 e-con-full e-flex e-con e-child\" data-id=\"2f16797\" data-element_type=\"container\">\n\t\t\t\t<div class=\"elementor-element elementor-element-724baf1 elementor-widget elementor-widget-image\" data-id=\"724baf1\" data-element_type=\"widget\" data-widget_type=\"image.default\">\n\t\t\t\t<div class=\"elementor-widget-container\">\n\t\t\t\t\t\t\t\t\t\t\t\t\t\t\t<img decoding=\"async\" src=\"https:\/\/melissalovesevents.com\/wp-content\/uploads\/elementor\/thumbs\/la-creativite-1-qxggxoevmee1j49xza8aw06t7vnzjq9ddm3983otts.png\" title=\"la-creativite (1)\" alt=\"la-creativite (1)\" loading=\"lazy\" \/>\t\t\t\t\t\t\t\t\t\t\t\t\t\t\t<\/div>\n\t\t\t\t<\/div>\n\t\t\t\t<div class=\"elementor-element elementor-element-be0ae00 elementor-widget elementor-widget-heading\" data-id=\"be0ae00\" data-element_type=\"widget\" data-widget_type=\"heading.default\">\n\t\t\t\t<div class=\"elementor-widget-container\">\n\t\t\t\t\t<h2 class=\"elementor-heading-title elementor-size-default\">CR\u00c9ATIVIT\u00c9<\/h2>\t\t\t\t<\/div>\n\t\t\t\t<\/div>\n\t\t\t\t<div class=\"elementor-element elementor-element-f732e90 elementor-widget elementor-widget-text-editor\" data-id=\"f732e90\" data-element_type=\"widget\" data-widget_type=\"text-editor.default\">\n\t\t\t\t<div class=\"elementor-widget-container\">\n\t\t\t\t\t\t\t\t\t<p>En perpetuelle qu\u00eate d\u2019excellence, nous proposons des d\u00e9cors au top des tendances.<\/p>\t\t\t\t\t\t\t\t<\/div>\n\t\t\t\t<\/div>\n\t\t\t\t<\/div>\n\t\t<div class=\"elementor-element elementor-element-f66a8fb e-con-full e-flex e-con e-child\" data-id=\"f66a8fb\" data-element_type=\"container\">\n\t\t\t\t<div class=\"elementor-element elementor-element-20eb1bb elementor-widget elementor-widget-image\" data-id=\"20eb1bb\" data-element_type=\"widget\" data-widget_type=\"image.default\">\n\t\t\t\t<div class=\"elementor-widget-container\">\n\t\t\t\t\t\t\t\t\t\t\t\t\t\t\t<img loading=\"lazy\" decoding=\"async\" width=\"32\" height=\"32\" src=\"https:\/\/melissalovesevents.com\/wp-content\/uploads\/2024\/02\/verifier.png\" class=\"attachment-full size-full wp-image-284\" alt=\"\" srcset=\"https:\/\/melissalovesevents.com\/wp-content\/uploads\/2024\/02\/verifier.png 32w, https:\/\/melissalovesevents.com\/wp-content\/uploads\/2024\/02\/elementor\/thumbs\/verifier.png 60w\" sizes=\"(max-width: 32px) 100vw, 32px\" \/>\t\t\t\t\t\t\t\t\t\t\t\t\t\t\t<\/div>\n\t\t\t\t<\/div>\n\t\t\t\t<div class=\"elementor-element elementor-element-0cbb8f8 elementor-widget elementor-widget-heading\" data-id=\"0cbb8f8\" data-element_type=\"widget\" data-widget_type=\"heading.default\">\n\t\t\t\t<div class=\"elementor-widget-container\">\n\t\t\t\t\t<h2 class=\"elementor-heading-title elementor-size-default\">R\u00c9ACTIVIT\u00c9<\/h2>\t\t\t\t<\/div>\n\t\t\t\t<\/div>\n\t\t\t\t<div class=\"elementor-element elementor-element-64f2f2a elementor-widget elementor-widget-text-editor\" data-id=\"64f2f2a\" data-element_type=\"widget\" data-widget_type=\"text-editor.default\">\n\t\t\t\t<div class=\"elementor-widget-container\">\n\t\t\t\t\t\t\t\t\t<p>Nous sommes \u00e0 votre \u00e9coute et faisons le maximum pour r\u00e9pondre rapidement.<\/p>\t\t\t\t\t\t\t\t<\/div>\n\t\t\t\t<\/div>\n\t\t\t\t<\/div>\n\t\t<div class=\"elementor-element elementor-element-06e8e12 e-con-full e-flex e-con e-child\" data-id=\"06e8e12\" data-element_type=\"container\">\n\t\t\t\t<div class=\"elementor-element elementor-element-22b8dc3 elementor-widget elementor-widget-image\" data-id=\"22b8dc3\" data-element_type=\"widget\" data-widget_type=\"image.default\">\n\t\t\t\t<div class=\"elementor-widget-container\">\n\t\t\t\t\t\t\t\t\t\t\t\t\t\t\t<img loading=\"lazy\" decoding=\"async\" width=\"32\" height=\"32\" src=\"https:\/\/melissalovesevents.com\/wp-content\/uploads\/2024\/02\/outils-2.png\" class=\"attachment-full size-full wp-image-278\" alt=\"\" \/>\t\t\t\t\t\t\t\t\t\t\t\t\t\t\t<\/div>\n\t\t\t\t<\/div>\n\t\t\t\t<div class=\"elementor-element elementor-element-56ccaa3 elementor-widget elementor-widget-heading\" data-id=\"56ccaa3\" data-element_type=\"widget\" data-widget_type=\"heading.default\">\n\t\t\t\t<div class=\"elementor-widget-container\">\n\t\t\t\t\t<h2 class=\"elementor-heading-title elementor-size-default\">SUR MESURE<\/h2>\t\t\t\t<\/div>\n\t\t\t\t<\/div>\n\t\t\t\t<div class=\"elementor-element elementor-element-362e7a5 elementor-widget elementor-widget-text-editor\" data-id=\"362e7a5\" data-element_type=\"widget\" data-widget_type=\"text-editor.default\">\n\t\t\t\t<div class=\"elementor-widget-container\">\n\t\t\t\t\t\t\t\t\t<p>Chaque d\u00e9cor est unique et r\u00e9alis\u00e9 sur mesure pour votre \u00e9v\u00e9nement.<\/p>\t\t\t\t\t\t\t\t<\/div>\n\t\t\t\t<\/div>\n\t\t\t\t<\/div>\n\t\t<div class=\"elementor-element elementor-element-7409172 e-con-full e-flex e-con e-child\" data-id=\"7409172\" data-element_type=\"container\">\n\t\t\t\t<div class=\"elementor-element elementor-element-3cd94c6 elementor-widget elementor-widget-image\" data-id=\"3cd94c6\" data-element_type=\"widget\" data-widget_type=\"image.default\">\n\t\t\t\t<div class=\"elementor-widget-container\">\n\t\t\t\t\t\t\t\t\t\t\t\t\t\t\t<img loading=\"lazy\" decoding=\"async\" width=\"32\" height=\"32\" src=\"https:\/\/melissalovesevents.com\/wp-content\/uploads\/2024\/02\/lhorloge.png\" class=\"attachment-thumbnail size-thumbnail wp-image-277\" alt=\"\" \/>\t\t\t\t\t\t\t\t\t\t\t\t\t\t\t<\/div>\n\t\t\t\t<\/div>\n\t\t\t\t<div class=\"elementor-element elementor-element-f3cd1fe elementor-widget elementor-widget-heading\" data-id=\"f3cd1fe\" data-element_type=\"widget\" data-widget_type=\"heading.default\">\n\t\t\t\t<div class=\"elementor-widget-container\">\n\t\t\t\t\t<h2 class=\"elementor-heading-title elementor-size-default\">GAIN DE TEMPS<\/h2>\t\t\t\t<\/div>\n\t\t\t\t<\/div>\n\t\t\t\t<div class=\"elementor-element elementor-element-458e3f0 elementor-widget elementor-widget-text-editor\" data-id=\"458e3f0\" data-element_type=\"widget\" data-widget_type=\"text-editor.default\">\n\t\t\t\t<div class=\"elementor-widget-container\">\n\t\t\t\t\t\t\t\t\t<p>Plus de stress! Notre \u00e9quipe installe et d\u00e9sinstalle votre d\u00e9coration sur votre lieu.<\/p>\t\t\t\t\t\t\t\t<\/div>\n\t\t\t\t<\/div>\n\t\t\t\t<\/div>\n\t\t\t\t\t<\/div>\n\t\t\t\t<\/div>\n\t\t<div class=\"elementor-element elementor-element-195f6ba e-flex e-con-boxed e-con e-parent\" data-id=\"195f6ba\" data-element_type=\"container\">\n\t\t\t\t\t<div class=\"e-con-inner\">\n\t\t<div class=\"elementor-element elementor-element-50c460b e-con-full e-flex e-con e-child\" data-id=\"50c460b\" data-element_type=\"container\">\n\t\t\t\t<div class=\"elementor-element elementor-element-a0b0faa elementor-widget elementor-widget-image\" data-id=\"a0b0faa\" data-element_type=\"widget\" data-widget_type=\"image.default\">\n\t\t\t\t<div class=\"elementor-widget-container\">\n\t\t\t\t\t\t\t\t\t\t\t\t\t\t\t<img loading=\"lazy\" decoding=\"async\" width=\"750\" height=\"788\" src=\"https:\/\/melissalovesevents.com\/wp-content\/uploads\/2024\/02\/IMG_06F6374B9C7A-1.jpeg\" class=\"attachment-large size-large wp-image-145\" alt=\"\" srcset=\"https:\/\/melissalovesevents.com\/wp-content\/uploads\/2024\/02\/IMG_06F6374B9C7A-1.jpeg 750w, https:\/\/melissalovesevents.com\/wp-content\/uploads\/2024\/02\/IMG_06F6374B9C7A-1-286x300.jpeg 286w\" sizes=\"(max-width: 750px) 100vw, 750px\" \/>\t\t\t\t\t\t\t\t\t\t\t\t\t\t\t<\/div>\n\t\t\t\t<\/div>\n\t\t\t\t<\/div>\n\t\t<div class=\"elementor-element elementor-element-ec59f94 e-con-full e-flex e-con e-child\" data-id=\"ec59f94\" data-element_type=\"container\">\n\t\t\t\t<div class=\"elementor-element elementor-element-92da7ca elementor-widget elementor-widget-heading\" data-id=\"92da7ca\" data-element_type=\"widget\" data-widget_type=\"heading.default\">\n\t\t\t\t<div class=\"elementor-widget-container\">\n\t\t\t\t\t<h2 class=\"elementor-heading-title elementor-size-default\">PAPETERIE <br>PERSONNALIS\u00c9E<\/h2>\t\t\t\t<\/div>\n\t\t\t\t<\/div>\n\t\t\t\t<div class=\"elementor-element elementor-element-e95418a elementor-widget elementor-widget-text-editor\" data-id=\"e95418a\" data-element_type=\"widget\" data-widget_type=\"text-editor.default\">\n\t\t\t\t<div class=\"elementor-widget-container\">\n\t\t\t\t\t\t\t\t\t<p>Commandez rapidement votre papeterie personnalis\u00e9e. Plus de 80 th\u00e8mes sont disponibles.<\/p>\t\t\t\t\t\t\t\t<\/div>\n\t\t\t\t<\/div>\n\t\t\t\t<div class=\"elementor-element elementor-element-81991b8 elementor-align-left elementor-tablet-align-center elementor-widget elementor-widget-button\" data-id=\"81991b8\" data-element_type=\"widget\" data-widget_type=\"button.default\">\n\t\t\t\t<div class=\"elementor-widget-container\">\n\t\t\t\t\t\t\t\t\t<div class=\"elementor-button-wrapper\">\n\t\t\t\t\t<a class=\"elementor-button elementor-button-link elementor-size-sm elementor-animation-grow\" href=\"http:\/\/www.shop.melissalovesevents.com\">\n\t\t\t\t\t\t<span class=\"elementor-button-content-wrapper\">\n\t\t\t\t\t\t<span class=\"elementor-button-icon\">\n\t\t\t\t<svg aria-hidden=\"true\" class=\"e-font-icon-svg e-fas-long-arrow-alt-right\" viewBox=\"0 0 448 512\" xmlns=\"http:\/\/www.w3.org\/2000\/svg\"><path d=\"M313.941 216H12c-6.627 0-12 5.373-12 12v56c0 6.627 5.373 12 12 12h301.941v46.059c0 21.382 25.851 32.09 40.971 16.971l86.059-86.059c9.373-9.373 9.373-24.569 0-33.941l-86.059-86.059c-15.119-15.119-40.971-4.411-40.971 16.971V216z\"><\/path><\/svg>\t\t\t<\/span>\n\t\t\t\t\t\t\t\t\t<span class=\"elementor-button-text\">D\u00c9COUVRIR LE SITE <\/span>\n\t\t\t\t\t<\/span>\n\t\t\t\t\t<\/a>\n\t\t\t\t<\/div>\n\t\t\t\t\t\t\t\t<\/div>\n\t\t\t\t<\/div>\n\t\t\t\t<\/div>\n\t\t\t\t\t<\/div>\n\t\t\t\t<\/div>\n\t\t\t\t<\/div>\n\t\t","protected":false},"excerpt":{"rendered":"<p>L&#8217;AGENCE Notre mission : cr\u00e9er sur mesure une sc\u00e9nographie unique, originale, contemporaine qui vous correspond. L\u2019agence Melissa Loves Events est une agence de d\u00e9coration \u00e9v\u00e9nementielle &hellip; <\/p>\n","protected":false},"author":1,"featured_media":0,"parent":0,"menu_order":0,"comment_status":"closed","ping_status":"closed","template":"elementor_header_footer","meta":{"om_disable_all_campaigns":false,"_monsterinsights_skip_tracking":false,"_monsterinsights_sitenote_active":false,"_monsterinsights_sitenote_note":"","_monsterinsights_sitenote_category":0,"footnotes":""},"class_list":["post-105","page","type-page","status-publish","hentry","latest_post"],"aioseo_notices":[],"_links":{"self":[{"href":"https:\/\/melissalovesevents.com\/index.php\/wp-json\/wp\/v2\/pages\/105","targetHints":{"allow":["GET"]}}],"collection":[{"href":"https:\/\/melissalovesevents.com\/index.php\/wp-json\/wp\/v2\/pages"}],"about":[{"href":"https:\/\/melissalovesevents.com\/index.php\/wp-json\/wp\/v2\/types\/page"}],"author":[{"embeddable":true,"href":"https:\/\/melissalovesevents.com\/index.php\/wp-json\/wp\/v2\/users\/1"}],"replies":[{"embeddable":true,"href":"https:\/\/melissalovesevents.com\/index.php\/wp-json\/wp\/v2\/comments?post=105"}],"version-history":[{"count":91,"href":"https:\/\/melissalovesevents.com\/index.php\/wp-json\/wp\/v2\/pages\/105\/revisions"}],"predecessor-version":[{"id":7784,"href":"https:\/\/melissalovesevents.com\/index.php\/wp-json\/wp\/v2\/pages\/105\/revisions\/7784"}],"wp:attachment":[{"href":"https:\/\/melissalovesevents.com\/index.php\/wp-json\/wp\/v2\/media?parent=105"}],"curies":[{"name":"wp","href":"https:\/\/api.w.org\/{rel}","templated":true}]}}